{"id":407,"date":"2024-11-08T19:08:18","date_gmt":"2024-11-08T18:08:18","guid":{"rendered":"https:\/\/espaceescrime.fr\/?page_id=407"},"modified":"2024-11-30T21:43:22","modified_gmt":"2024-11-30T20:43:22","slug":"epee","status":"publish","type":"page","link":"https:\/\/espaceescrime.fr\/index.php\/epee\/","title":{"rendered":"Ep\u00e9e"},"content":{"rendered":"\n<p>L\u2019\u00e9p\u00e9e est une discipline inscrite aux Jeux Olympiques par \u00e9quipe et individuellement.<\/p>\n\n\n\n<p>A l\u2019\u00e9p\u00e9e toutes les parties du corps sont valables, on peut toucher de la t\u00eate aux pieds avec la pointe de son \u00e9p\u00e9e. Le but \u00e0 l\u2019\u00e9p\u00e9e est de toucher le premier son adversaire. Il n&rsquo;y a pas de priorit\u00e9, c\u2019est-\u00e0-dire que les deux \u00e9p\u00e9istes peuvent toucher simultan\u00e9ment le point leur sera accord\u00e9.<\/p>\n\n\n\n<p>Les touches doivent \u00eatre port\u00e9es \u00e0 l\u2019adversaire avec une pression suffisante.<\/p>\n\n\n\n<p>L\u2019\u00e9p\u00e9e peut \u00eatre pratiqu\u00e9e \u00e0 tout \u00e2ge, que ce soit en loisir ou en comp\u00e9tition. C\u2019est une activit\u00e9 compl\u00e8te qui permet de d\u00e9velopper la coordination, la concentration, la r\u00e9flexion et la souplesse.<\/p>\n\n\n\n<p>L&rsquo;\u00e9p\u00e9e se caract\u00e9rise d\u2019une lame munie d\u2019une pointe et d\u2019une garde qui prot\u00e8ge la main. C\u2019est une arme d\u2019estoc. L\u2019\u00e9p\u00e9e est une arme d\u2019escrime qui mesure 110 centim\u00e8tres de long, pour la lame 5, le diam\u00e8tre maximum de la coquille est de 135 mm et p\u00e8se environ 750 grammes.<\/p>\n\n\n\n<p>Les matches se disputent sur une piste d&rsquo;une longueur de 14 m\u00e8tres et une largeur qui peut varier entre 1,5m et 2m. Cette piste doit \u00eatre isol\u00e9e pour faciliter l&rsquo;arbitrage lors des touches aux pieds.<\/p>\n\n\n\n<p>Les matches en poule durent 3 minutes et se terminent au premier qui comptabilise 5 touches. Dans le cas d&rsquo;\u00e9galit\u00e9 \u00e0 4 touches partout, la touche double ne sera pas prise en compte, le match s&rsquo;arr\u00eate lorsqu&rsquo;un des deux tireurs allumera seul. A l&rsquo;issue des 3 minutes en cas d&rsquo;\u00e9galit\u00e9 au score, une priorit\u00e9 sera d\u00e9finie pour l&rsquo;un des deux tireur, une minute suppl\u00e9mentaire de match est accord\u00e9, le premier qui allume gagne le match, sans touche le vainqueur sera celui qui a la priorit\u00e9.<\/p>\n\n\n\n<p>A l&rsquo;issue des matches de poules, un classement est \u00e9tabli permettant de d\u00e9finir un tableau avec matches \u00e0 \u00e9limination direct. Ces matches se jouent au meilleur des 3 fois 3 minutes dans la limite des 15 touches. <\/p>\n\n\n\n<p>Dans les cat\u00e9gories des plus jeunes, les matches en poules se jouent en 4 touches et les tableaux en 8 ou 10 touches en fonction de l&rsquo;\u00e2ge.<\/p>\n\n\n\n<p><\/p>\n\n\n\n\n\n<blockquote class=\"wp-block-quote is-layout-flow wp-block-quote-is-layout-flow\">\n<p class=\"has-tiny-font-size\">Source FFE<\/p>\n<\/blockquote>\n\n\n\n<p>Pour pratiquer l&rsquo;escrime un \u00e9quipement sp\u00e9cifique est n\u00e9cessaire, pour les d\u00e9butant ce mat\u00e9riel est en principe pr\u00eat\u00e9 par le club :<\/p>\n\n\n\n<ul class=\"wp-block-list\">\n<li>Une veste d&rsquo;escrime<\/li>\n\n\n\n<li>Un pantalon d&rsquo;escrime<\/li>\n\n\n\n<li>Une sous-cuirasse<\/li>\n\n\n\n<li>Pour les filles un bustier pour prot\u00e9ger la poitrine<\/li>\n\n\n\n<li>Un masque<\/li>\n\n\n\n<li>Un gant<\/li>\n\n\n\n<li>Une \u00e9p\u00e9e<\/li>\n\n\n\n<li>Une paire de chaussette haute.<\/li>\n\n\n\n<li>Une paire de chaussure de sport.<\/li>\n\n\n\n<li>Un fil de corps<\/li>\n<\/ul>\n\n\n\n<p><\/p>\n\n\n\n<p><\/p>\n","protected":false},"excerpt":{"rendered":"<p>L\u2019\u00e9p\u00e9e est une discipline inscrite aux Jeux Olympiques par \u00e9quipe et individuellement. A l\u2019\u00e9p\u00e9e toutes les parties du corps sont valables, on peut toucher de la t\u00eate aux pieds avec [&hellip;]<\/p>\n","protected":false},"author":1,"featured_media":431,"parent":0,"menu_order":0,"comment_status":"closed","ping_status":"closed","template":"","meta":{"saved_in_kubio":false,"_kadence_starter_templates_imported_post":false,"footnotes":""},"class_list":["post-407","page","type-page","status-publish","has-post-thumbnail","hentry"],"kubio_ai_page_context":{"short_desc":"","purpose":"general"},"_links":{"self":[{"href":"https:\/\/espaceescrime.fr\/index.php\/wp-json\/wp\/v2\/pages\/407","targetHints":{"allow":["GET"]}}],"collection":[{"href":"https:\/\/espaceescrime.fr\/index.php\/wp-json\/wp\/v2\/pages"}],"about":[{"href":"https:\/\/espaceescrime.fr\/index.php\/wp-json\/wp\/v2\/types\/page"}],"author":[{"embeddable":true,"href":"https:\/\/espaceescrime.fr\/index.php\/wp-json\/wp\/v2\/users\/1"}],"replies":[{"embeddable":true,"href":"https:\/\/espaceescrime.fr\/index.php\/wp-json\/wp\/v2\/comments?post=407"}],"version-history":[{"count":9,"href":"https:\/\/espaceescrime.fr\/index.php\/wp-json\/wp\/v2\/pages\/407\/revisions"}],"predecessor-version":[{"id":1622,"href":"https:\/\/espaceescrime.fr\/index.php\/wp-json\/wp\/v2\/pages\/407\/revisions\/1622"}],"wp:featuredmedia":[{"embeddable":true,"href":"https:\/\/espaceescrime.fr\/index.php\/wp-json\/wp\/v2\/media\/431"}],"wp:attachment":[{"href":"https:\/\/espaceescrime.fr\/index.php\/wp-json\/wp\/v2\/media?parent=407"}],"curies":[{"name":"wp","href":"https:\/\/api.w.org\/{rel}","templated":true}]}}