{"id":413,"date":"2024-11-08T19:12:42","date_gmt":"2024-11-08T18:12:42","guid":{"rendered":"https:\/\/espaceescrime.fr\/?page_id=413"},"modified":"2024-11-30T21:46:04","modified_gmt":"2024-11-30T20:46:04","slug":"sabre","status":"publish","type":"page","link":"https:\/\/espaceescrime.fr\/index.php\/sabre\/","title":{"rendered":"Sabre"},"content":{"rendered":"\n<p>Le sabre est une arme d\u2019escrime qui permet de toucher son adversaire avec le tranchant et le bout de la lame sur tout le haut du corps. On parlera alors d\u2019arme de taille et d\u2019estoc. <\/p>\n\n\n\n<p>C\u2019est une discipline inscrite au programme des Jeux Olympiques.<\/p>\n\n\n\n<p>Le maniement du sabre n\u00e9cessite de la rapidit\u00e9 et de l\u2019agilit\u00e9. Les touches sont ex\u00e9cut\u00e9es tr\u00e8s rapidement. Le sabreur doit toucher son adversaire sur les zones au-dessus de la ceinture y compris sur la t\u00eate. Les touches sont d\u00e9termin\u00e9es par des capteurs \u00e9lectriques sur la cuirasse et le masque de l\u2019escrimeur.<\/p>\n\n\n\n<p>Si les deux tireurs touchent en m\u00eame temps, c\u2019est l\u2019attaquant qui a la priorit\u00e9 du point, Pour reprendre la priorit\u00e9 l\u2019adversaire doit effectuer une parade et une riposte. Cette r\u00e8gle est quasiment identique \u00e0 celle du fleuret.<\/p>\n\n\n\n<p>Les pratiquants de sabre s\u2019appellent des sabreuses ou des sabreurs.<\/p>\n\n\n\n<p>Les matches se disputent sur une piste d\u2019une longueur de 14 m\u00e8tres et une largeur qui peut varier entre 1,5m et 2m. Cette piste doit \u00eatre isol\u00e9e pour faciliter l\u2019arbitrage lors des touches aux pieds.<\/p>\n\n\n\n<p>A partir de la cat\u00e9gorie M15, les matches en poule durent 3 minutes et se terminent au premier qui comptabilise 5 touches. A l\u2019issue des matches de poules, un classement est \u00e9tabli permettant de d\u00e9finir un tableau avec matches \u00e0 \u00e9limination direct. Ces matches se jouent en 15 touches avec une pause de une minute au premier tireur \u00e0 8 touches \u00e0 partir de la cat\u00e9gorie M17. A la diff\u00e9rence de l\u2019\u00e9p\u00e9e il n\u2019existe de touche double au sabre.<\/p>\n\n\n\n\n\n<p>Le sabre est un sport qui n\u00e9cessite un \u00e9quipement sp\u00e9cifique pour garantir la s\u00e9curit\u00e9 des escrimeurs. Voici les \u00e9l\u00e9ments indispensables :<\/p>\n\n\n\n<ul class=\"wp-block-list\">\n<li>La veste d\u2019escrime<\/li>\n\n\n\n<li>Le masque d\u2019escrime<\/li>\n\n\n\n<li>Le plastron<\/li>\n\n\n\n<li>Le sabre<\/li>\n\n\n\n<li>La cuirasse, une protection \u00e9lectrifi\u00e9e.<\/li>\n\n\n\n<li>Le pantalon d\u2019escrime<\/li>\n\n\n\n<li>Un gant<\/li>\n\n\n\n<li>Pour les filles un prot\u00e8ge poitrine<\/li>\n\n\n\n<li>Une paire de chaussette haute.<\/li>\n\n\n\n<li>Une paire de chaussure de sport.<\/li>\n\n\n\n<li>Un fil de corps<\/li>\n<\/ul>\n\n\n\n<p>Source site F\u00e9d\u00e9ration Fran\u00e7aise Escrime<\/p>\n","protected":false},"excerpt":{"rendered":"<p>Le sabre est une arme d\u2019escrime qui permet de toucher son adversaire avec le tranchant et le bout de la lame sur tout le haut du corps. On parlera alors [&hellip;]<\/p>\n","protected":false},"author":1,"featured_media":434,"parent":0,"menu_order":0,"comment_status":"closed","ping_status":"closed","template":"","meta":{"saved_in_kubio":false,"_kadence_starter_templates_imported_post":false,"footnotes":""},"class_list":["post-413","page","type-page","status-publish","has-post-thumbnail","hentry"],"kubio_ai_page_context":{"short_desc":"","purpose":"general"},"_links":{"self":[{"href":"https:\/\/espaceescrime.fr\/index.php\/wp-json\/wp\/v2\/pages\/413","targetHints":{"allow":["GET"]}}],"collection":[{"href":"https:\/\/espaceescrime.fr\/index.php\/wp-json\/wp\/v2\/pages"}],"about":[{"href":"https:\/\/espaceescrime.fr\/index.php\/wp-json\/wp\/v2\/types\/page"}],"author":[{"embeddable":true,"href":"https:\/\/espaceescrime.fr\/index.php\/wp-json\/wp\/v2\/users\/1"}],"replies":[{"embeddable":true,"href":"https:\/\/espaceescrime.fr\/index.php\/wp-json\/wp\/v2\/comments?post=413"}],"version-history":[{"count":2,"href":"https:\/\/espaceescrime.fr\/index.php\/wp-json\/wp\/v2\/pages\/413\/revisions"}],"predecessor-version":[{"id":1619,"href":"https:\/\/espaceescrime.fr\/index.php\/wp-json\/wp\/v2\/pages\/413\/revisions\/1619"}],"wp:featuredmedia":[{"embeddable":true,"href":"https:\/\/espaceescrime.fr\/index.php\/wp-json\/wp\/v2\/media\/434"}],"wp:attachment":[{"href":"https:\/\/espaceescrime.fr\/index.php\/wp-json\/wp\/v2\/media?parent=413"}],"curies":[{"name":"wp","href":"https:\/\/api.w.org\/{rel}","templated":true}]}}