{"id":417,"date":"2024-11-08T19:13:17","date_gmt":"2024-11-08T18:13:17","guid":{"rendered":"https:\/\/espaceescrime.fr\/?page_id=417"},"modified":"2024-11-30T22:25:46","modified_gmt":"2024-11-30T21:25:46","slug":"sabre-laser","status":"publish","type":"page","link":"https:\/\/espaceescrime.fr\/index.php\/sabre-laser\/","title":{"rendered":"Sabre Laser"},"content":{"rendered":"\n<p>Le sabre laser est depuis avril 2018 une discipline reconnue par la F\u00e9d\u00e9ration Fran\u00e7aise d\u2019Escrime avec la d\u00e9l\u00e9gation du Minist\u00e8re des Sports, des Jeux Olympiques et Paralympiques. \u00c0 ce titre, la F\u00e9d\u00e9ration organise chaque ann\u00e9e un championnat de France et structure son offre de pratique partout en France.<\/p>\n\n\n\n<p>La pratique du sabre laser est inspir\u00e9e de l\u2019univers de la science-fiction, rendue c\u00e9l\u00e8bre par la saga Star Wars. Son principal trait distinctif est sa lame de lumi\u00e8re \u00e9nerg\u00e9tique, g\u00e9n\u00e9ralement de couleur bleue, verte ou rouge, selon le c\u00f4t\u00e9 de \u00ab&nbsp;la Force&nbsp;\u00bb ou les pr\u00e9f\u00e9rences de l\u2019utilisateur.<\/p>\n\n\n\n<p>Les combats au sabre laser suivent g\u00e9n\u00e9ralement des r\u00e8gles similaires \u00e0 celles de l\u2019escrime artistique.&nbsp;La pratique du sabre laser se d\u00e9cline en trois disciplines compl\u00e9mentaires :<\/p>\n\n\n\n<ul class=\"wp-block-list\">\n<li><strong>Combat sportif :<\/strong>&nbsp;Les escrimeurs s\u2019affrontent en duel r\u00e9glement\u00e9 dans une ar\u00e8ne. Ils doivent toucher l\u2019adversaire avec leur sabre laser pour accumuler des points en un temps donn\u00e9. Le combat sportif exige de la strat\u00e9gie, de la rapidit\u00e9 et une ma\u00eetrise technique.<\/li>\n\n\n\n<li><strong>Combat chor\u00e9graphi\u00e9 :<\/strong>&nbsp;Cette discipline se pratique \u00e0 deux ou en groupe. Les participants ex\u00e9cutent ensemble un combat sous forme de mise en sc\u00e8ne pr\u00e9alablement r\u00e9p\u00e9t\u00e9e, souvent accompagn\u00e9e d\u2019une musique appropri\u00e9e. Le sens du spectacle prime, et les mouvements doivent \u00eatre pr\u00e9cis et spectaculaires.<\/li>\n\n\n\n<li><strong>Kata&nbsp;<\/strong>: Inspir\u00e9 des arts martiaux, le kata consiste \u00e0 reproduire un encha\u00eenement de mouvements codifi\u00e9s seul ou face \u00e0 un adversaire imaginaire. Il vise \u00e0 progresser techniquement et exige rigueur, pr\u00e9cision et patience.<\/li>\n<\/ul>\n\n\n\n<p><\/p>\n\n\n\n<p>Le sabre est un sport qui n\u00e9cessite un \u00e9quipement sp\u00e9cifique pour garantir la s\u00e9curit\u00e9 des escrimeurs. Voici les \u00e9l\u00e9ments indispensables :<\/p>\n\n\n\n<ul class=\"wp-block-list\">\n<li><strong>Le sabre laser<\/strong>\u00a0: il\u00a0est compos\u00e9 d\u2019une lame en tube de polycarbonate flexible de 2,54 cm de diam\u00e8tre et d\u2019\u00e9paisseur d\u2019environ 2 mm, termin\u00e9e par un embout rond, et ins\u00e9r\u00e9e dans une poign\u00e9e en aluminium. La lame est maintenue par des vis de serrage et r\u00e9fl\u00e9chie une lumi\u00e8re diffus\u00e9e par une LED contenue dans la poign\u00e9e \u00e0 proximit\u00e9 de la batterie. Un interrupteur permet de contr\u00f4ler l\u2019activation de cette lumi\u00e8re, ainsi que le son, pour les mod\u00e8les en poss\u00e9dant. La longueur totale de l\u2019arme approche des 110 cm.<\/li>\n<\/ul>\n\n\n\n<ul class=\"wp-block-list\">\n<li><strong>Le masque de protection :\u00a0<\/strong>c\u2019est un masque d\u2019escrime classique r\u00e9pondant aux normes europ\u00e9ennes CE et compos\u00e9 d\u2019une grille en acier inoxydable et d\u2019une bavette r\u00e9sistant \u00e0 un impact de 350N. Il peut \u00eatre compl\u00e9t\u00e9 d\u2019un couvre masque ou d\u2019une protection arri\u00e8re permettant de r\u00e9duire encore les risques de choc.<\/li>\n<\/ul>\n\n\n\n<ul class=\"wp-block-list\">\n<li><strong>Les gants renforc\u00e9s :\u00a0<\/strong>ils sont sp\u00e9cialement con\u00e7us pour bloquer les coups. Fabriqu\u00e9s en cuir, ils sont dot\u00e9s d\u2019une coque sur le dessus de la main et de plaques de mousses au niveau des phalanges. Ils permettent n\u00e9anmoins une excellente pr\u00e9hension des sabres lasers.<\/li>\n<\/ul>\n\n\n\n<ul class=\"wp-block-list\">\n<li><strong>Le kimono :\u00a0<\/strong>ce\u00a0sont des kurkas fabriqu\u00e9s en coton de grain de riz. Epais et r\u00e9sistants, ils permettent d\u2019amortir efficacement les touches port\u00e9es.<\/li>\n<\/ul>\n\n\n\n<ul class=\"wp-block-list\">\n<li><strong>Le plastron : il\u00a0<\/strong>sert notamment \u00e0 prot\u00e9ger les \u00e9paules, le torse et le dos, gr\u00e2ce \u00e0 des plaques et des mousses dispos\u00e9s aux endroits aux endroits plus sensibles.<\/li>\n<\/ul>\n\n\n\n<ul class=\"wp-block-list\">\n<li><strong>Les prot\u00e8ges coudes et genoux et les chaussures montantes :\u00a0<\/strong>ils permettent, comme les gants, de prot\u00e9ger les articulations.<\/li>\n<\/ul>\n\n\n\n<ul class=\"wp-block-list\">\n<li><strong>La coquille anatomique et le bustier :\u00a0<\/strong>ils sont \u00e9galement conseill\u00e9s pour la comp\u00e9tition.<\/li>\n<\/ul>\n\n\n\n<p><\/p>\n\n\n\n<p><\/p>\n\n\n\n<p><\/p>\n\n\n\n<p><\/p>\n\n\n\n<p>Source F\u00e9d\u00e9ration Fran\u00e7aise d&rsquo;Escrime<\/p>\n","protected":false},"excerpt":{"rendered":"<p>Le sabre laser est depuis avril 2018 une discipline reconnue par la F\u00e9d\u00e9ration Fran\u00e7aise d\u2019Escrime avec la d\u00e9l\u00e9gation du Minist\u00e8re des Sports, des Jeux Olympiques et Paralympiques. \u00c0 ce titre, [&hellip;]<\/p>\n","protected":false},"author":1,"featured_media":435,"parent":0,"menu_order":0,"comment_status":"closed","ping_status":"closed","template":"","meta":{"saved_in_kubio":false,"_kadence_starter_templates_imported_post":false,"footnotes":""},"class_list":["post-417","page","type-page","status-publish","has-post-thumbnail","hentry"],"kubio_ai_page_context":{"short_desc":"","purpose":"general"},"_links":{"self":[{"href":"https:\/\/espaceescrime.fr\/index.php\/wp-json\/wp\/v2\/pages\/417","targetHints":{"allow":["GET"]}}],"collection":[{"href":"https:\/\/espaceescrime.fr\/index.php\/wp-json\/wp\/v2\/pages"}],"about":[{"href":"https:\/\/espaceescrime.fr\/index.php\/wp-json\/wp\/v2\/types\/page"}],"author":[{"embeddable":true,"href":"https:\/\/espaceescrime.fr\/index.php\/wp-json\/wp\/v2\/users\/1"}],"replies":[{"embeddable":true,"href":"https:\/\/espaceescrime.fr\/index.php\/wp-json\/wp\/v2\/comments?post=417"}],"version-history":[{"count":4,"href":"https:\/\/espaceescrime.fr\/index.php\/wp-json\/wp\/v2\/pages\/417\/revisions"}],"predecessor-version":[{"id":1632,"href":"https:\/\/espaceescrime.fr\/index.php\/wp-json\/wp\/v2\/pages\/417\/revisions\/1632"}],"wp:featuredmedia":[{"embeddable":true,"href":"https:\/\/espaceescrime.fr\/index.php\/wp-json\/wp\/v2\/media\/435"}],"wp:attachment":[{"href":"https:\/\/espaceescrime.fr\/index.php\/wp-json\/wp\/v2\/media?parent=417"}],"curies":[{"name":"wp","href":"https:\/\/api.w.org\/{rel}","templated":true}]}}